{"id":137,"date":"2022-02-12T10:27:48","date_gmt":"2022-02-12T10:27:48","guid":{"rendered":"https:\/\/bythedots.com\/br\/home"},"modified":"2024-01-09T13:04:31","modified_gmt":"2024-01-09T13:04:31","slug":"home","status":"publish","type":"page","link":"https:\/\/www.bythedots.com\/br\/","title":{"rendered":"Home"},"content":{"rendered":"\t<div class=\"cnvs-block-section cnvs-block-section-1571120080472 cnvs-block-section-layout-full cnvs-block-section-fullwidth\" >\n\t\t<div class=\"cnvs-block-section-outer\" style=\"\">\n\t\t\t<div class=\"cnvs-block-section-inner\">\n\t\t\t\t\r\n<p>&nbsp;<\/p>\r\n\n<div class=\"cnvs-block-section-content cnvs-block-section-content-1571120082557\" >\n\t<div class=\"cnvs-block-section-content-inner\">\n\t\t\r\n\r\n\t<div class=\"cnvs-block-section cnvs-block-section-1571318436466 cnvs-block-section-layout-with-sidebar cnvs-block-section-sidebar-sticky-top cnvs-block-section-sidebar-position-right\" >\n\t\t<div class=\"cnvs-block-section-outer\" style=\"\">\n\t\t\t<div class=\"cnvs-block-section-inner\">\n\t\t\t\t\r\n\r\n\n<div class=\"cnvs-block-section-content cnvs-block-section-content-1571120149786\" >\n\t<div class=\"cnvs-block-section-content-inner\">\n\t\t\r\n\r\n\n<h5 id=\"\" class=\"cnvs-block-section-heading halignleft\" >\n\t<span class=\"cnvs-section-title\">\n\t\t<span><\/span>\n\t<\/span>\n<\/h5>\n\r\n\r\n\n<div class=\"cs-block-archive-posts cnvs-block-featured-posts-1571120154893\" data-layout=\"grid\">\n\n\t<div class=\"post-archive\" data-archive-data=\"eyJ0eXBlIjoiYWpheF9yZXN0YXBpIiwibm9uY2UiOiJmOWE4ODYwYzkxIiwidXJsIjoiaHR0cHM6XC9cL3d3dy5ieXRoZWRvdHMuY29tXC9iclwvd3AtYWRtaW5cL2FkbWluLWFqYXgucGhwIiwicmVzdF91cmwiOiJodHRwczpcL1wvd3d3LmJ5dGhlZG90cy5jb21cL2JyXC93cC1qc29uXC9jc2NvXC92MVwvbW9yZS1wb3N0cyIsInBvc3RzX3Blcl9wYWdlIjo0LCJxdWVyeV9kYXRhIjoie1wiaW5maW5pdGVfbG9hZFwiOmZhbHNlLFwicXVlcnlfdmFyc1wiOntcImlnbm9yZV9zdGlja3lfcG9zdHNcIjp0cnVlLFwiaXNfcG9zdF9xdWVyeVwiOnRydWUsXCJvcmRlcmJ5XCI6XCJyYW5kXCIsXCJvcmRlclwiOlwiREVTQ1wiLFwicGFnZWRcIjoxLFwicG9zdHNfcGVyX3BhZ2VcIjo0LFwicG9zdF90eXBlXCI6XCJwb3N0XCJ9LFwiaW5fdGhlX2xvb3BcIjpmYWxzZSxcImlzX3NpbmdsZVwiOmZhbHNlLFwiaXNfcGFnZVwiOmZhbHNlLFwiaXNfYXJjaGl2ZVwiOmZhbHNlLFwiaXNfYXV0aG9yXCI6ZmFsc2UsXCJpc19jYXRlZ29yeVwiOmZhbHNlLFwiaXNfdGFnXCI6ZmFsc2UsXCJpc190YXhcIjpmYWxzZSxcImlzX2hvbWVcIjpmYWxzZSxcImlzX3Npbmd1bGFyXCI6ZmFsc2V9IiwiYXR0cmlidXRlcyI6IntcImNhbnZhc0NsYXNzTmFtZVwiOlwiY252cy1ibG9jay1mZWF0dXJlZC1wb3N0cy0xNTcxMTIwMTU0ODkzXCIsXCJjYW52YXNMb2NhdGlvblwiOlwic2VjdGlvbi1jb250ZW50XCIsXCJsYXlvdXRcIjpcImdyaWRcIixcInF1ZXJ5XCI6e1wicG9zdHNfdHlwZVwiOlwicG9zdFwiLFwiY2F0ZWdvcmllc1wiOlwiXCIsXCJ0YWdzXCI6XCJcIixcImV4Y2x1ZGVfY2F0ZWdvcmllc1wiOlwiXCIsXCJleGNsdWRlX3RhZ3NcIjpcIlwiLFwiZm9ybWF0c1wiOlwiXCIsXCJwb3N0c1wiOlwiXCIsXCJvZmZzZXRcIjpcIlwiLFwib3JkZXJieVwiOlwicmFuZFwiLFwib3JkZXJcIjpcIkRFU0NcIixcInRpbWVfZnJhbWVcIjpcIlwiLFwidGF4b25vbXlcIjpcIlwiLFwidGVybXNcIjpcIlwifSxcImxheW91dF9ncmlkX2FyY2hpdmVTaG93TWV0YUF1dGhvclwiOmZhbHNlLFwibGF5b3V0X2dyaWRfYXJjaGl2ZVNob3dNZXRhRGF0ZVwiOmZhbHNlLFwibGF5b3V0X2dyaWRfYXJjaGl2ZVNob3dWaWV3UG9zdEJ1dHRvblwiOmZhbHNlLFwibGF5b3V0X2dyaWRfcG9zdHNIaWdobGlnaHRcIjpcIm5vbmVcIixcImxheW91dF9ncmlkX3BhZ2luYXRpb25UeXBlQWx0XCI6XCJhamF4XCIsXCJsYXlvdXRfZ3JpZF9hcmNoaXZlUG9zdHNDb3VudFwiOjQsXCJsYXlvdXRfZ3JpZF90aHVtYm5haWxPcmllbnRhdGlvblwiOlwibGFuZHNjYXBlXCIsXCJjYW52YXNCbG9ja05hbWVcIjpcImNhbnZhc1xcXC9wb3N0c1wiLFwicXVlcnlHcm91cFwiOlwiXCIsXCJhdm9pZER1cGxpY2F0ZVBvc3RzXCI6ZmFsc2UsXCJsYXlvdXRfZ3JpZF9hcmNoaXZlU2hvd01ldGFDYXRlZ29yeVwiOnRydWUsXCJsYXlvdXRfZ3JpZF9hcmNoaXZlU2hvd01ldGFDb21tZW50c1wiOmZhbHNlLFwibGF5b3V0X2dyaWRfYXJjaGl2ZU1ldGFDb21wYWN0XCI6ZmFsc2UsXCJsYXlvdXRfZ3JpZF9hcmNoaXZlU2hvd0V4Y2VycHRcIjp0cnVlLFwibGF5b3V0X2dyaWRfYXJjaGl2ZU1ldGFFeGNlcnB0TGVuZ3RoXCI6MjAwLFwibGF5b3V0X2dyaWRfYXJjaGl2ZVNob3dWaWV3UG9zdExpbmtcIjp0cnVlLFwibGF5b3V0X2dyaWRfYXJjaGl2ZVZpZXdMYWJlbFwiOlwiXCIsXCJsYXlvdXRfZ3JpZF9jb2x1bW5zXCI6MixcImxheW91dF9ncmlkX2ZpcnN0UG9zdFwiOmZhbHNlLFwibGF5b3V0X2dyaWRfcmVkdWNlTWFyZ2luXCI6ZmFsc2UsXCJsYXlvdXRfZ3JpZF92aWRlb1wiOmZhbHNlLFwibGF5b3V0X2dyaWRfd2lkZ2V0c1wiOmZhbHNlLFwibGF5b3V0X2dyaWRfdHlwb2dyYXBoeUhlYWRpbmdcIjpcIjEuNXJlbVwiLFwiY2xhc3NOYW1lXCI6XCJjbnZzLWJsb2NrLXBvc3RzIGNudnMtYmxvY2stZmVhdHVyZWQtcG9zdHMtMTU3MTEyMDE1NDg5MyBjbnZzLWJsb2NrLXBvc3RzLWxheW91dC1ncmlkXCIsXCJwYWdlX2xheW91dFwiOlwibGF5b3V0LXNpZGViYXItcmlnaHRcIixcImlzX3dpZGVcIjpmYWxzZX0iLCJvcHRpb25zIjoie1wiYXJjaGl2ZVNob3dNZXRhQXV0aG9yXCI6ZmFsc2UsXCJhcmNoaXZlU2hvd01ldGFEYXRlXCI6ZmFsc2UsXCJhcmNoaXZlU2hvd1ZpZXdQb3N0QnV0dG9uXCI6ZmFsc2UsXCJwb3N0c0hpZ2hsaWdodFwiOlwibm9uZVwiLFwicGFnaW5hdGlvblR5cGVBbHRcIjpcImFqYXhcIixcImFyY2hpdmVQb3N0c0NvdW50XCI6NCxcInRodW1ibmFpbE9yaWVudGF0aW9uXCI6XCJsYW5kc2NhcGVcIixcImFyY2hpdmVTaG93TWV0YUNhdGVnb3J5XCI6dHJ1ZSxcImFyY2hpdmVTaG93TWV0YUNvbW1lbnRzXCI6ZmFsc2UsXCJhcmNoaXZlTWV0YUNvbXBhY3RcIjpmYWxzZSxcImFyY2hpdmVTaG93RXhjZXJwdFwiOnRydWUsXCJhcmNoaXZlTWV0YUV4Y2VycHRMZW5ndGhcIjoyMDAsXCJhcmNoaXZlU2hvd1ZpZXdQb3N0TGlua1wiOnRydWUsXCJhcmNoaXZlVmlld0xhYmVsXCI6XCJcIixcImNvbHVtbnNcIjoyLFwiZmlyc3RQb3N0XCI6ZmFsc2UsXCJyZWR1Y2VNYXJnaW5cIjpmYWxzZSxcInZpZGVvXCI6ZmFsc2UsXCJ3aWRnZXRzXCI6ZmFsc2UsXCJ0eXBvZ3JhcGh5SGVhZGluZ1wiOlwiMS41cmVtXCJ9IiwiaW5maW5pdGVfbG9hZCI6ImZhbHNlIiwidHJhbnNsYXRpb24iOnsibG9hZF9tb3JlIjoiTG9hZCBNb3JlIiwibG9hZGluZyI6IkxvYWRpbmcifX0=\">\n\t\t<div class=\"archive-main archive-grid columns-2\">\n<article class=\"post-grid post-995 post type-post status-publish format-standard has-post-thumbnail category-news\">\n\n\t<div class=\"post-outer\">\n\n\t\t\n\t\t\t\t\t<div class=\"post-inner\">\n\t\t\t\t<div class=\"post-thumbnail\">\n\t\t\t\t\t\n\t\t\t\t\t<img loading=\"lazy\" decoding=\"async\" width=\"500\" height=\"375\" src=\"https:\/\/www.bythedots.com\/br\/wp-content\/uploads\/2025\/11\/Thrift-Designer.webp.webp\" class=\"attachment-csco-560-landscape size-csco-560-landscape wp-post-image\" alt=\"\" srcset=\"https:\/\/www.bythedots.com\/br\/wp-content\/uploads\/2025\/11\/Thrift-Designer.webp.webp 500w, https:\/\/www.bythedots.com\/br\/wp-content\/uploads\/2025\/11\/Thrift-Designer.webp-320x240.webp 320w, https:\/\/www.bythedots.com\/br\/wp-content\/uploads\/2025\/11\/Thrift-Designer.webp-300x225.webp 300w, https:\/\/www.bythedots.com\/br\/wp-content\/uploads\/2025\/11\/Thrift-Designer.webp-400x300.webp 400w, https:\/\/www.bythedots.com\/br\/wp-content\/uploads\/2025\/11\/Thrift-Designer.webp-120x90.webp 120w, https:\/\/www.bythedots.com\/br\/wp-content\/uploads\/2025\/11\/Thrift-Designer.webp-90x68.webp 90w\" sizes=\"auto, (max-width: 500px) 100vw, 500px\" \/>\n\t\t\t\t\t\t\t\t\t\t\t<div class=\"post-more\">\n\t\t\t\t\t\t\t<a href=\"https:\/\/www.bythedots.com\/br\/how-to-thrift-designer-fashion-and-save-big\/\" class=\"button-link\">\n\t\t\t\t\t\t\t\t<span>View Post<\/span>\n\t\t\t\t\t\t\t<\/a>\n\t\t\t\t\t\t<\/div>\n\t\t\t\t\t\t\n\t\t\t\t\t\n\t\t\t\t\t<a href=\"https:\/\/www.bythedots.com\/br\/how-to-thrift-designer-fashion-and-save-big\/\"><\/a>\n\t\t\t\t<\/div>\n\t\t\t<\/div>\n\t\t\n\t\t<div class=\"post-inner\">\n\n\t\t\t\n\t\t\t<header class=\"entry-header\">\n\t\t\t\t<div class=\"meta-category\"><ul class=\"post-categories\">\n\t<li><a href=\"https:\/\/www.bythedots.com\/br\/category\/news\/\" rel=\"category tag\">Not\u00edcias<\/a><\/li><\/ul><\/div>\n\t\t\t\t<h2 class=\"entry-title\"><a href=\"https:\/\/www.bythedots.com\/br\/how-to-thrift-designer-fashion-and-save-big\/\">How to Thrift Designer Fashion and Save Big<\/a><\/h2>\n\n\t\t\t\t\t\t\t<\/header>\n\n\t\t\t\n\t\t\t\t\t\t\t\t\t\t<div class=\"post-excerpt\">\n\t\t\t\t\t\t\t\tIn today\u2019s world, thrifting designer fashion is more than just a hobby. It has become a savvy way to enjoy luxury without draining your bank account, and it\u2019s a sustainable alternative to fast&hellip;\t\t\t\t\t\t\t<\/div>\n\t\t\t\t\t\t\t\n\t\t<\/div>\n\n\t\t\n\t<\/div>\n\n<\/article>\n\n<article class=\"post-grid post-760 post type-post status-publish format-standard has-post-thumbnail category-news tag-ar-condicionado tag-brico-depot-pt tag-consul tag-pandora-pt\">\n\n\t<div class=\"post-outer\">\n\n\t\t\n\t\t\t\t\t<div class=\"post-inner\">\n\t\t\t\t<div class=\"post-thumbnail\">\n\t\t\t\t\t\n\t\t\t\t\t<img loading=\"lazy\" decoding=\"async\" width=\"560\" height=\"420\" src=\"https:\/\/www.bythedots.com\/br\/wp-content\/uploads\/2024\/11\/How-to-Buy-an-Air-Conditioner-560x420.png\" class=\"attachment-csco-560-landscape size-csco-560-landscape wp-post-image\" alt=\"\" srcset=\"https:\/\/www.bythedots.com\/br\/wp-content\/uploads\/2024\/11\/How-to-Buy-an-Air-Conditioner-560x420.png 560w, https:\/\/www.bythedots.com\/br\/wp-content\/uploads\/2024\/11\/How-to-Buy-an-Air-Conditioner-320x240.png 320w, https:\/\/www.bythedots.com\/br\/wp-content\/uploads\/2024\/11\/How-to-Buy-an-Air-Conditioner-300x225.png 300w, https:\/\/www.bythedots.com\/br\/wp-content\/uploads\/2024\/11\/How-to-Buy-an-Air-Conditioner-400x300.png 400w, https:\/\/www.bythedots.com\/br\/wp-content\/uploads\/2024\/11\/How-to-Buy-an-Air-Conditioner-800x600.png 800w, https:\/\/www.bythedots.com\/br\/wp-content\/uploads\/2024\/11\/How-to-Buy-an-Air-Conditioner-120x90.png 120w, https:\/\/www.bythedots.com\/br\/wp-content\/uploads\/2024\/11\/How-to-Buy-an-Air-Conditioner-90x68.png 90w\" sizes=\"auto, (max-width: 560px) 100vw, 560px\" \/>\n\t\t\t\t\t\t\t\t\t\t\t<div class=\"post-more\">\n\t\t\t\t\t\t\t<a href=\"https:\/\/www.bythedots.com\/br\/seu-guia-definitivo-sobre-como-comprar-um-ar-condicionado\/\" class=\"button-link\">\n\t\t\t\t\t\t\t\t<span>View Post<\/span>\n\t\t\t\t\t\t\t<\/a>\n\t\t\t\t\t\t<\/div>\n\t\t\t\t\t\t\n\t\t\t\t\t\n\t\t\t\t\t<a href=\"https:\/\/www.bythedots.com\/br\/seu-guia-definitivo-sobre-como-comprar-um-ar-condicionado\/\"><\/a>\n\t\t\t\t<\/div>\n\t\t\t<\/div>\n\t\t\n\t\t<div class=\"post-inner\">\n\n\t\t\t\n\t\t\t<header class=\"entry-header\">\n\t\t\t\t<div class=\"meta-category\"><ul class=\"post-categories\">\n\t<li><a href=\"https:\/\/www.bythedots.com\/br\/category\/news\/\" rel=\"category tag\">Not\u00edcias<\/a><\/li><\/ul><\/div>\n\t\t\t\t<h2 class=\"entry-title\"><a href=\"https:\/\/www.bythedots.com\/br\/seu-guia-definitivo-sobre-como-comprar-um-ar-condicionado\/\">Relaxe com estilo: seu guia definitivo sobre como comprar um ar condicionado<\/a><\/h2>\n\n\t\t\t\t\t\t\t<\/header>\n\n\t\t\t\n\t\t\t\t\t\t\t\t\t\t<div class=\"post-excerpt\">\n\t\t\t\t\t\t\t\tOs ver\u00f5es podem ser sufocantes e encontrar o ar condicionado certo pode transformar sua casa em um o\u00e1sis fresco e confort\u00e1vel. Mas com tantas op\u00e7\u00f5es por a\u00ed, como comprar um ar condicionado&hellip;\t\t\t\t\t\t\t<\/div>\n\t\t\t\t\t\t\t\n\t\t<\/div>\n\n\t\t\n\t<\/div>\n\n<\/article>\n\n<article class=\"post-grid post-893 post type-post status-publish format-standard has-post-thumbnail category-news tag-foreverliss tag-moda tag-vestidos\">\n\n\t<div class=\"post-outer\">\n\n\t\t\n\t\t\t\t\t<div class=\"post-inner\">\n\t\t\t\t<div class=\"post-thumbnail\">\n\t\t\t\t\t\n\t\t\t\t\t<img loading=\"lazy\" decoding=\"async\" width=\"560\" height=\"420\" src=\"https:\/\/www.bythedots.com\/br\/wp-content\/uploads\/2025\/02\/Trendy-Wedding-Guest-Dresses-560x420.jpg\" class=\"attachment-csco-560-landscape size-csco-560-landscape wp-post-image\" alt=\"\" srcset=\"https:\/\/www.bythedots.com\/br\/wp-content\/uploads\/2025\/02\/Trendy-Wedding-Guest-Dresses-560x420.jpg 560w, https:\/\/www.bythedots.com\/br\/wp-content\/uploads\/2025\/02\/Trendy-Wedding-Guest-Dresses-320x240.jpg 320w, https:\/\/www.bythedots.com\/br\/wp-content\/uploads\/2025\/02\/Trendy-Wedding-Guest-Dresses-300x225.jpg 300w, https:\/\/www.bythedots.com\/br\/wp-content\/uploads\/2025\/02\/Trendy-Wedding-Guest-Dresses-400x300.jpg 400w, https:\/\/www.bythedots.com\/br\/wp-content\/uploads\/2025\/02\/Trendy-Wedding-Guest-Dresses-800x600.jpg 800w, https:\/\/www.bythedots.com\/br\/wp-content\/uploads\/2025\/02\/Trendy-Wedding-Guest-Dresses-120x90.jpg 120w, https:\/\/www.bythedots.com\/br\/wp-content\/uploads\/2025\/02\/Trendy-Wedding-Guest-Dresses-90x68.jpg 90w\" sizes=\"auto, (max-width: 560px) 100vw, 560px\" \/>\n\t\t\t\t\t\t\t\t\t\t\t<div class=\"post-more\">\n\t\t\t\t\t\t\t<a href=\"https:\/\/www.bythedots.com\/br\/vestidos-de-noiva-da-moda\/\" class=\"button-link\">\n\t\t\t\t\t\t\t\t<span>View Post<\/span>\n\t\t\t\t\t\t\t<\/a>\n\t\t\t\t\t\t<\/div>\n\t\t\t\t\t\t\n\t\t\t\t\t\n\t\t\t\t\t<a href=\"https:\/\/www.bythedots.com\/br\/vestidos-de-noiva-da-moda\/\"><\/a>\n\t\t\t\t<\/div>\n\t\t\t<\/div>\n\t\t\n\t\t<div class=\"post-inner\">\n\n\t\t\t\n\t\t\t<header class=\"entry-header\">\n\t\t\t\t<div class=\"meta-category\"><ul class=\"post-categories\">\n\t<li><a href=\"https:\/\/www.bythedots.com\/br\/category\/news\/\" rel=\"category tag\">Not\u00edcias<\/a><\/li><\/ul><\/div>\n\t\t\t\t<h2 class=\"entry-title\"><a href=\"https:\/\/www.bythedots.com\/br\/vestidos-de-noiva-da-moda\/\">Vestidos de noiva da moda: o melhor e o pior estilo<\/a><\/h2>\n\n\t\t\t\t\t\t\t<\/header>\n\n\t\t\t\n\t\t\t\t\t\t\t\t\t\t<div class=\"post-excerpt\">\n\t\t\t\t\t\t\t\tEscolher o vestido perfeito para convidadas de casamento pode ser t\u00e3o emocionante quanto o grande evento. Em 2025, as \u00faltimas tend\u00eancias combinam eleg\u00e2ncia cl\u00e1ssica com sofistica\u00e7\u00e3o moderna,&hellip;\t\t\t\t\t\t\t<\/div>\n\t\t\t\t\t\t\t\n\t\t<\/div>\n\n\t\t\n\t<\/div>\n\n<\/article>\n\n<article class=\"post-grid post-723 post type-post status-publish format-standard has-post-thumbnail category-news tag-acessorios-de-moda tag-prioritypass\">\n\n\t<div class=\"post-outer\">\n\n\t\t\n\t\t\t\t\t<div class=\"post-inner\">\n\t\t\t\t<div class=\"post-thumbnail\">\n\t\t\t\t\t\n\t\t\t\t\t<img loading=\"lazy\" decoding=\"async\" width=\"560\" height=\"420\" src=\"https:\/\/www.bythedots.com\/br\/wp-content\/uploads\/2024\/05\/Trendy-Fashion-Accessories-560x420.png\" class=\"attachment-csco-560-landscape size-csco-560-landscape wp-post-image\" alt=\"\" srcset=\"https:\/\/www.bythedots.com\/br\/wp-content\/uploads\/2024\/05\/Trendy-Fashion-Accessories-560x420.png 560w, https:\/\/www.bythedots.com\/br\/wp-content\/uploads\/2024\/05\/Trendy-Fashion-Accessories-320x240.png 320w, https:\/\/www.bythedots.com\/br\/wp-content\/uploads\/2024\/05\/Trendy-Fashion-Accessories-300x225.png 300w, https:\/\/www.bythedots.com\/br\/wp-content\/uploads\/2024\/05\/Trendy-Fashion-Accessories-400x300.png 400w, https:\/\/www.bythedots.com\/br\/wp-content\/uploads\/2024\/05\/Trendy-Fashion-Accessories-800x600.png 800w, https:\/\/www.bythedots.com\/br\/wp-content\/uploads\/2024\/05\/Trendy-Fashion-Accessories-120x90.png 120w, https:\/\/www.bythedots.com\/br\/wp-content\/uploads\/2024\/05\/Trendy-Fashion-Accessories-90x68.png 90w\" sizes=\"auto, (max-width: 560px) 100vw, 560px\" \/>\n\t\t\t\t\t\t\t\t\t\t\t<div class=\"post-more\">\n\t\t\t\t\t\t\t<a href=\"https:\/\/www.bythedots.com\/br\/acessorios-de-moda-modernos-que-toda-mulher-precisa\/\" class=\"button-link\">\n\t\t\t\t\t\t\t\t<span>View Post<\/span>\n\t\t\t\t\t\t\t<\/a>\n\t\t\t\t\t\t<\/div>\n\t\t\t\t\t\t\n\t\t\t\t\t\n\t\t\t\t\t<a href=\"https:\/\/www.bythedots.com\/br\/acessorios-de-moda-modernos-que-toda-mulher-precisa\/\"><\/a>\n\t\t\t\t<\/div>\n\t\t\t<\/div>\n\t\t\n\t\t<div class=\"post-inner\">\n\n\t\t\t\n\t\t\t<header class=\"entry-header\">\n\t\t\t\t<div class=\"meta-category\"><ul class=\"post-categories\">\n\t<li><a href=\"https:\/\/www.bythedots.com\/br\/category\/news\/\" rel=\"category tag\">Not\u00edcias<\/a><\/li><\/ul><\/div>\n\t\t\t\t<h2 class=\"entry-title\"><a href=\"https:\/\/www.bythedots.com\/br\/acessorios-de-moda-modernos-que-toda-mulher-precisa\/\">Acess\u00f3rios de moda modernos que toda mulher precisa<\/a><\/h2>\n\n\t\t\t\t\t\t\t<\/header>\n\n\t\t\t\n\t\t\t\t\t\t\t\t\t\t<div class=\"post-excerpt\">\n\t\t\t\t\t\t\t\t\u00c0 medida que o sol come\u00e7a a brilhar mais forte e os dias ficam mais quentes, \u00e9 hora de renovar seu guarda-roupa e abra\u00e7ar as \u00faltimas tend\u00eancias em acess\u00f3rios de moda. Neste ver\u00e3o, eleve o seu&hellip;\t\t\t\t\t\t\t<\/div>\n\t\t\t\t\t\t\t\n\t\t<\/div>\n\n\t\t\n\t<\/div>\n\n<\/article>\n<\/div><div class=\"archive-pagination\"><\/div>\t<\/div>\n\n<\/div>\n\t\t<\/div>\n<\/div>\n\r\n\r\n\n<div class=\"cnvs-block-section-sidebar cnvs-block-section-sidebar-1571120149832\" >\n\t<div class=\"cnvs-block-section-sidebar-inner\">\n\t\t\r\n\r\n\r\n<p style=\"text-align: center;\"><a href=\"https:\/\/bythedots.com\/\"><img loading=\"lazy\" decoding=\"async\" class=\"aligncenter wp-image-656 size-full\" title=\"By The Dots: Your Home for Shopping tips, deals, news, fashion, and modern lifestyle is what you need.\" src=\"https:\/\/bythedots.com\/wp-content\/uploads\/2023\/11\/ZZZBYTHEDOTS-LOGO300x250.png\" alt=\"By The Dots: Your Home for Shopping tips, deals, news, fashion, and modern lifestyle is what you need.\" width=\"300\" height=\"250\" \/><\/a><\/p>\r\n\t<\/div>\n<\/div>\n\t\t\t<\/div>\n\t\t<\/div>\n\t<\/div>\n\n\t\r\n\r\n\r\n<p style=\"text-align: center;\">\r\n<p style=\"text-align: center;\">\t<\/div>\n<\/div>\n\t\t\t<\/div>\n\t\t<\/div>\n\t<\/div>","protected":false},"excerpt":{"rendered":"&nbsp;","protected":false},"author":1,"featured_media":0,"parent":0,"menu_order":0,"comment_status":"closed","ping_status":"closed","template":"template-canvas-fullwidth.php","meta":{"footnotes":""},"class_list":["post-137","page","type-page","status-publish"],"_links":{"self":[{"href":"https:\/\/www.bythedots.com\/br\/wp-json\/wp\/v2\/pages\/137","targetHints":{"allow":["GET"]}}],"collection":[{"href":"https:\/\/www.bythedots.com\/br\/wp-json\/wp\/v2\/pages"}],"about":[{"href":"https:\/\/www.bythedots.com\/br\/wp-json\/wp\/v2\/types\/page"}],"author":[{"embeddable":true,"href":"https:\/\/www.bythedots.com\/br\/wp-json\/wp\/v2\/users\/1"}],"replies":[{"embeddable":true,"href":"https:\/\/www.bythedots.com\/br\/wp-json\/wp\/v2\/comments?post=137"}],"version-history":[{"count":4,"href":"https:\/\/www.bythedots.com\/br\/wp-json\/wp\/v2\/pages\/137\/revisions"}],"predecessor-version":[{"id":670,"href":"https:\/\/www.bythedots.com\/br\/wp-json\/wp\/v2\/pages\/137\/revisions\/670"}],"wp:attachment":[{"href":"https:\/\/www.bythedots.com\/br\/wp-json\/wp\/v2\/media?parent=137"}],"curies":[{"name":"wp","href":"https:\/\/api.w.org\/{rel}","templated":true}]}}