{"id":137,"date":"2022-02-12T10:27:48","date_gmt":"2022-02-12T10:27:48","guid":{"rendered":"https:\/\/bythedots.com\/es\/home"},"modified":"2024-01-16T10:55:57","modified_gmt":"2024-01-16T10:55:57","slug":"home","status":"publish","type":"page","link":"https:\/\/www.bythedots.com\/es\/","title":{"rendered":"Home"},"content":{"rendered":"\t<div class=\"cnvs-block-section cnvs-block-section-1571120080472 cnvs-block-section-layout-full cnvs-block-section-fullwidth\" >\n\t\t<div class=\"cnvs-block-section-outer\" style=\"\">\n\t\t\t<div class=\"cnvs-block-section-inner\">\n\t\t\t\t\r\n<p>&nbsp;<\/p>\r\n\n<div class=\"cnvs-block-section-content cnvs-block-section-content-1571120082557\" >\n\t<div class=\"cnvs-block-section-content-inner\">\n\t\t\r\n\r\n\t<div class=\"cnvs-block-section cnvs-block-section-1571318436466 cnvs-block-section-layout-with-sidebar cnvs-block-section-sidebar-sticky-top cnvs-block-section-sidebar-position-right\" >\n\t\t<div class=\"cnvs-block-section-outer\" style=\"\">\n\t\t\t<div class=\"cnvs-block-section-inner\">\n\t\t\t\t\r\n\r\n\n<div class=\"cnvs-block-section-content cnvs-block-section-content-1571120149786\" >\n\t<div class=\"cnvs-block-section-content-inner\">\n\t\t\r\n\r\n\n<h5 id=\"consejos-de-compra-y-tendencias\" class=\"cnvs-block-section-heading cnvs-block-section-heading-1572265089722 is-style-cnvs-block-section-heading-default halignleft\" >\n\t<span class=\"cnvs-section-title\">\n\t\t<span><h3>CONSEJOS DE COMPRA Y TENDENCIAS<\/h3><\/span>\n\t<\/span>\n<\/h5>\n\r\n\r\n\n<div class=\"cs-block-archive-posts cnvs-block-featured-posts-1571120154893\" data-layout=\"grid\">\n\n\t<div class=\"post-archive\" data-archive-data=\"eyJ0eXBlIjoiYWpheF9yZXN0YXBpIiwibm9uY2UiOiJmOWE4ODYwYzkxIiwidXJsIjoiaHR0cHM6XC9cL3d3dy5ieXRoZWRvdHMuY29tXC9lc1wvd3AtYWRtaW5cL2FkbWluLWFqYXgucGhwIiwicmVzdF91cmwiOiJodHRwczpcL1wvd3d3LmJ5dGhlZG90cy5jb21cL2VzXC93cC1qc29uXC9jc2NvXC92MVwvbW9yZS1wb3N0cyIsInBvc3RzX3Blcl9wYWdlIjo0LCJxdWVyeV9kYXRhIjoie1wiaW5maW5pdGVfbG9hZFwiOmZhbHNlLFwicXVlcnlfdmFyc1wiOntcImlnbm9yZV9zdGlja3lfcG9zdHNcIjp0cnVlLFwiaXNfcG9zdF9xdWVyeVwiOnRydWUsXCJvcmRlcmJ5XCI6XCJyYW5kXCIsXCJvcmRlclwiOlwiREVTQ1wiLFwicGFnZWRcIjoxLFwicG9zdHNfcGVyX3BhZ2VcIjo0LFwicG9zdF90eXBlXCI6XCJwb3N0XCJ9LFwiaW5fdGhlX2xvb3BcIjpmYWxzZSxcImlzX3NpbmdsZVwiOmZhbHNlLFwiaXNfcGFnZVwiOmZhbHNlLFwiaXNfYXJjaGl2ZVwiOmZhbHNlLFwiaXNfYXV0aG9yXCI6ZmFsc2UsXCJpc19jYXRlZ29yeVwiOmZhbHNlLFwiaXNfdGFnXCI6ZmFsc2UsXCJpc190YXhcIjpmYWxzZSxcImlzX2hvbWVcIjpmYWxzZSxcImlzX3Npbmd1bGFyXCI6ZmFsc2V9IiwiYXR0cmlidXRlcyI6IntcImNhbnZhc0NsYXNzTmFtZVwiOlwiY252cy1ibG9jay1mZWF0dXJlZC1wb3N0cy0xNTcxMTIwMTU0ODkzXCIsXCJjYW52YXNMb2NhdGlvblwiOlwic2VjdGlvbi1jb250ZW50XCIsXCJsYXlvdXRcIjpcImdyaWRcIixcInF1ZXJ5XCI6e1wicG9zdHNfdHlwZVwiOlwicG9zdFwiLFwiY2F0ZWdvcmllc1wiOlwiXCIsXCJ0YWdzXCI6XCJcIixcImV4Y2x1ZGVfY2F0ZWdvcmllc1wiOlwiXCIsXCJleGNsdWRlX3RhZ3NcIjpcIlwiLFwiZm9ybWF0c1wiOlwiXCIsXCJwb3N0c1wiOlwiXCIsXCJvZmZzZXRcIjpcIlwiLFwib3JkZXJieVwiOlwicmFuZFwiLFwib3JkZXJcIjpcIkRFU0NcIixcInRpbWVfZnJhbWVcIjpcIlwiLFwidGF4b25vbXlcIjpcIlwiLFwidGVybXNcIjpcIlwifSxcImxheW91dF9ncmlkX2FyY2hpdmVTaG93TWV0YUF1dGhvclwiOmZhbHNlLFwibGF5b3V0X2dyaWRfYXJjaGl2ZVNob3dNZXRhRGF0ZVwiOmZhbHNlLFwibGF5b3V0X2dyaWRfYXJjaGl2ZVNob3dWaWV3UG9zdEJ1dHRvblwiOmZhbHNlLFwibGF5b3V0X2dyaWRfcG9zdHNIaWdobGlnaHRcIjpcIm5vbmVcIixcImxheW91dF9ncmlkX3BhZ2luYXRpb25UeXBlQWx0XCI6XCJhamF4XCIsXCJsYXlvdXRfZ3JpZF9hcmNoaXZlUG9zdHNDb3VudFwiOjQsXCJsYXlvdXRfZ3JpZF90aHVtYm5haWxPcmllbnRhdGlvblwiOlwibGFuZHNjYXBlXCIsXCJjYW52YXNCbG9ja05hbWVcIjpcImNhbnZhc1xcXC9wb3N0c1wiLFwicXVlcnlHcm91cFwiOlwiXCIsXCJhdm9pZER1cGxpY2F0ZVBvc3RzXCI6ZmFsc2UsXCJsYXlvdXRfZ3JpZF9hcmNoaXZlU2hvd01ldGFDYXRlZ29yeVwiOnRydWUsXCJsYXlvdXRfZ3JpZF9hcmNoaXZlU2hvd01ldGFDb21tZW50c1wiOmZhbHNlLFwibGF5b3V0X2dyaWRfYXJjaGl2ZU1ldGFDb21wYWN0XCI6ZmFsc2UsXCJsYXlvdXRfZ3JpZF9hcmNoaXZlU2hvd0V4Y2VycHRcIjp0cnVlLFwibGF5b3V0X2dyaWRfYXJjaGl2ZU1ldGFFeGNlcnB0TGVuZ3RoXCI6MjAwLFwibGF5b3V0X2dyaWRfYXJjaGl2ZVNob3dWaWV3UG9zdExpbmtcIjp0cnVlLFwibGF5b3V0X2dyaWRfYXJjaGl2ZVZpZXdMYWJlbFwiOlwiXCIsXCJsYXlvdXRfZ3JpZF9jb2x1bW5zXCI6MixcImxheW91dF9ncmlkX2ZpcnN0UG9zdFwiOmZhbHNlLFwibGF5b3V0X2dyaWRfcmVkdWNlTWFyZ2luXCI6ZmFsc2UsXCJsYXlvdXRfZ3JpZF92aWRlb1wiOmZhbHNlLFwibGF5b3V0X2dyaWRfd2lkZ2V0c1wiOmZhbHNlLFwibGF5b3V0X2dyaWRfdHlwb2dyYXBoeUhlYWRpbmdcIjpcIjEuNXJlbVwiLFwiY2xhc3NOYW1lXCI6XCJjbnZzLWJsb2NrLXBvc3RzIGNudnMtYmxvY2stZmVhdHVyZWQtcG9zdHMtMTU3MTEyMDE1NDg5MyBjbnZzLWJsb2NrLXBvc3RzLWxheW91dC1ncmlkXCIsXCJwYWdlX2xheW91dFwiOlwibGF5b3V0LXNpZGViYXItcmlnaHRcIixcImlzX3dpZGVcIjpmYWxzZX0iLCJvcHRpb25zIjoie1wiYXJjaGl2ZVNob3dNZXRhQXV0aG9yXCI6ZmFsc2UsXCJhcmNoaXZlU2hvd01ldGFEYXRlXCI6ZmFsc2UsXCJhcmNoaXZlU2hvd1ZpZXdQb3N0QnV0dG9uXCI6ZmFsc2UsXCJwb3N0c0hpZ2hsaWdodFwiOlwibm9uZVwiLFwicGFnaW5hdGlvblR5cGVBbHRcIjpcImFqYXhcIixcImFyY2hpdmVQb3N0c0NvdW50XCI6NCxcInRodW1ibmFpbE9yaWVudGF0aW9uXCI6XCJsYW5kc2NhcGVcIixcImFyY2hpdmVTaG93TWV0YUNhdGVnb3J5XCI6dHJ1ZSxcImFyY2hpdmVTaG93TWV0YUNvbW1lbnRzXCI6ZmFsc2UsXCJhcmNoaXZlTWV0YUNvbXBhY3RcIjpmYWxzZSxcImFyY2hpdmVTaG93RXhjZXJwdFwiOnRydWUsXCJhcmNoaXZlTWV0YUV4Y2VycHRMZW5ndGhcIjoyMDAsXCJhcmNoaXZlU2hvd1ZpZXdQb3N0TGlua1wiOnRydWUsXCJhcmNoaXZlVmlld0xhYmVsXCI6XCJcIixcImNvbHVtbnNcIjoyLFwiZmlyc3RQb3N0XCI6ZmFsc2UsXCJyZWR1Y2VNYXJnaW5cIjpmYWxzZSxcInZpZGVvXCI6ZmFsc2UsXCJ3aWRnZXRzXCI6ZmFsc2UsXCJ0eXBvZ3JhcGh5SGVhZGluZ1wiOlwiMS41cmVtXCJ9IiwiaW5maW5pdGVfbG9hZCI6ImZhbHNlIiwidHJhbnNsYXRpb24iOnsibG9hZF9tb3JlIjoiTG9hZCBNb3JlIiwibG9hZGluZyI6IkxvYWRpbmcifX0=\">\n\t\t<div class=\"archive-main archive-grid columns-2\">\n<article class=\"post-grid post-475 post type-post status-publish format-standard has-post-thumbnail category-news tag-compras tag-compras-en-otono tag-floraqueen\">\n\n\t<div class=\"post-outer\">\n\n\t\t\n\t\t\t\t\t<div class=\"post-inner\">\n\t\t\t\t<div class=\"post-thumbnail\">\n\t\t\t\t\t\n\t\t\t\t\t<img loading=\"lazy\" decoding=\"async\" width=\"560\" height=\"420\" src=\"https:\/\/www.bythedots.com\/es\/wp-content\/uploads\/2024\/10\/Why-Fall-Wins-as-the-Best-Shopping-Season-560x420.png\" class=\"attachment-csco-560-landscape size-csco-560-landscape wp-post-image\" alt=\"\" srcset=\"https:\/\/www.bythedots.com\/es\/wp-content\/uploads\/2024\/10\/Why-Fall-Wins-as-the-Best-Shopping-Season-560x420.png 560w, https:\/\/www.bythedots.com\/es\/wp-content\/uploads\/2024\/10\/Why-Fall-Wins-as-the-Best-Shopping-Season-320x240.png 320w, https:\/\/www.bythedots.com\/es\/wp-content\/uploads\/2024\/10\/Why-Fall-Wins-as-the-Best-Shopping-Season-300x225.png 300w, https:\/\/www.bythedots.com\/es\/wp-content\/uploads\/2024\/10\/Why-Fall-Wins-as-the-Best-Shopping-Season-400x300.png 400w, https:\/\/www.bythedots.com\/es\/wp-content\/uploads\/2024\/10\/Why-Fall-Wins-as-the-Best-Shopping-Season-800x600.png 800w, https:\/\/www.bythedots.com\/es\/wp-content\/uploads\/2024\/10\/Why-Fall-Wins-as-the-Best-Shopping-Season-120x90.png 120w, https:\/\/www.bythedots.com\/es\/wp-content\/uploads\/2024\/10\/Why-Fall-Wins-as-the-Best-Shopping-Season-90x68.png 90w\" sizes=\"auto, (max-width: 560px) 100vw, 560px\" \/>\n\t\t\t\t\t\t\t\t\t\t\t<div class=\"post-more\">\n\t\t\t\t\t\t\t<a href=\"https:\/\/www.bythedots.com\/es\/por-que-el-otono-es-la-mejor-temporada-para-comprar\/\" class=\"button-link\">\n\t\t\t\t\t\t\t\t<span>View Post<\/span>\n\t\t\t\t\t\t\t<\/a>\n\t\t\t\t\t\t<\/div>\n\t\t\t\t\t\t\n\t\t\t\t\t\n\t\t\t\t\t<a href=\"https:\/\/www.bythedots.com\/es\/por-que-el-otono-es-la-mejor-temporada-para-comprar\/\"><\/a>\n\t\t\t\t<\/div>\n\t\t\t<\/div>\n\t\t\n\t\t<div class=\"post-inner\">\n\n\t\t\t\n\t\t\t<header class=\"entry-header\">\n\t\t\t\t<div class=\"meta-category\"><ul class=\"post-categories\">\n\t<li><a href=\"https:\/\/www.bythedots.com\/es\/category\/news\/\" rel=\"category tag\">Noticias<\/a><\/li><\/ul><\/div>\n\t\t\t\t<h2 class=\"entry-title\"><a href=\"https:\/\/www.bythedots.com\/es\/por-que-el-otono-es-la-mejor-temporada-para-comprar\/\">Por qu\u00e9 el oto\u00f1o es la mejor temporada para comprar: La gu\u00eda definitiva de las ofertas de moda de oto\u00f1o<\/a><\/h2>\n\n\t\t\t\t\t\t\t<\/header>\n\n\t\t\t\n\t\t\t\t\t\t\t\t\t\t<div class=\"post-excerpt\">\n\t\t\t\t\t\t\t\tEl oto\u00f1o trae consigo aire fresco, colores vibrantes y una de las mejores temporadas de compras del a\u00f1o. Con la bajada de las temperaturas y el dorado de las hojas, los consumidores no pueden&hellip;\t\t\t\t\t\t\t<\/div>\n\t\t\t\t\t\t\t\n\t\t<\/div>\n\n\t\t\n\t<\/div>\n\n<\/article>\n\n<article class=\"post-grid post-507 post type-post status-publish format-standard has-post-thumbnail category-news tag-chica-de-moda tag-idea-de-regalo tag-viajescarrefour\">\n\n\t<div class=\"post-outer\">\n\n\t\t\n\t\t\t\t\t<div class=\"post-inner\">\n\t\t\t\t<div class=\"post-thumbnail\">\n\t\t\t\t\t\n\t\t\t\t\t<img loading=\"lazy\" decoding=\"async\" width=\"560\" height=\"420\" src=\"https:\/\/www.bythedots.com\/es\/wp-content\/uploads\/2024\/07\/Best-Gifts-for-Fashion-Girl\u2014Unique-Style-For-Her-560x420.png\" class=\"attachment-csco-560-landscape size-csco-560-landscape wp-post-image\" alt=\"\" srcset=\"https:\/\/www.bythedots.com\/es\/wp-content\/uploads\/2024\/07\/Best-Gifts-for-Fashion-Girl\u2014Unique-Style-For-Her-560x420.png 560w, https:\/\/www.bythedots.com\/es\/wp-content\/uploads\/2024\/07\/Best-Gifts-for-Fashion-Girl\u2014Unique-Style-For-Her-320x240.png 320w, https:\/\/www.bythedots.com\/es\/wp-content\/uploads\/2024\/07\/Best-Gifts-for-Fashion-Girl\u2014Unique-Style-For-Her-300x225.png 300w, https:\/\/www.bythedots.com\/es\/wp-content\/uploads\/2024\/07\/Best-Gifts-for-Fashion-Girl\u2014Unique-Style-For-Her-400x300.png 400w, https:\/\/www.bythedots.com\/es\/wp-content\/uploads\/2024\/07\/Best-Gifts-for-Fashion-Girl\u2014Unique-Style-For-Her-800x600.png 800w, https:\/\/www.bythedots.com\/es\/wp-content\/uploads\/2024\/07\/Best-Gifts-for-Fashion-Girl\u2014Unique-Style-For-Her-120x90.png 120w, https:\/\/www.bythedots.com\/es\/wp-content\/uploads\/2024\/07\/Best-Gifts-for-Fashion-Girl\u2014Unique-Style-For-Her-90x68.png 90w\" sizes=\"auto, (max-width: 560px) 100vw, 560px\" \/>\n\t\t\t\t\t\t\t\t\t\t\t<div class=\"post-more\">\n\t\t\t\t\t\t\t<a href=\"https:\/\/www.bythedots.com\/es\/los-mejores-regalos-que-a-toda-chica-fashionista-le-encantara-usar\/\" class=\"button-link\">\n\t\t\t\t\t\t\t\t<span>View Post<\/span>\n\t\t\t\t\t\t\t<\/a>\n\t\t\t\t\t\t<\/div>\n\t\t\t\t\t\t\n\t\t\t\t\t\n\t\t\t\t\t<a href=\"https:\/\/www.bythedots.com\/es\/los-mejores-regalos-que-a-toda-chica-fashionista-le-encantara-usar\/\"><\/a>\n\t\t\t\t<\/div>\n\t\t\t<\/div>\n\t\t\n\t\t<div class=\"post-inner\">\n\n\t\t\t\n\t\t\t<header class=\"entry-header\">\n\t\t\t\t<div class=\"meta-category\"><ul class=\"post-categories\">\n\t<li><a href=\"https:\/\/www.bythedots.com\/es\/category\/news\/\" rel=\"category tag\">Noticias<\/a><\/li><\/ul><\/div>\n\t\t\t\t<h2 class=\"entry-title\"><a href=\"https:\/\/www.bythedots.com\/es\/los-mejores-regalos-que-a-toda-chica-fashionista-le-encantara-usar\/\">Los mejores regalos que a toda chica fashionista le encantar\u00e1 usar<\/a><\/h2>\n\n\t\t\t\t\t\t\t<\/header>\n\n\t\t\t\n\t\t\t\t\t\t\t\t\t\t<div class=\"post-excerpt\">\n\t\t\t\t\t\t\t\tA la hora de encontrar el regalo perfecto para una mujer a la moda, las opciones pueden parecer infinitas y a la vez abrumadoras. Ya sea tu mejor amiga con estilo, una hermana fashionista o&hellip;\t\t\t\t\t\t\t<\/div>\n\t\t\t\t\t\t\t\n\t\t<\/div>\n\n\t\t\n\t<\/div>\n\n<\/article>\n\n<article class=\"post-grid post-664 post type-post status-publish format-standard has-post-thumbnail category-news tag-xcaret\">\n\n\t<div class=\"post-outer\">\n\n\t\t\n\t\t\t\t\t<div class=\"post-inner\">\n\t\t\t\t<div class=\"post-thumbnail\">\n\t\t\t\t\t\n\t\t\t\t\t<img loading=\"lazy\" decoding=\"async\" width=\"560\" height=\"420\" src=\"https:\/\/www.bythedots.com\/es\/wp-content\/uploads\/2025\/07\/Unisex-Accessories-560x420.jpg\" class=\"attachment-csco-560-landscape size-csco-560-landscape wp-post-image\" alt=\"\" srcset=\"https:\/\/www.bythedots.com\/es\/wp-content\/uploads\/2025\/07\/Unisex-Accessories-560x420.jpg 560w, https:\/\/www.bythedots.com\/es\/wp-content\/uploads\/2025\/07\/Unisex-Accessories-320x240.jpg 320w, https:\/\/www.bythedots.com\/es\/wp-content\/uploads\/2025\/07\/Unisex-Accessories-300x225.jpg 300w, https:\/\/www.bythedots.com\/es\/wp-content\/uploads\/2025\/07\/Unisex-Accessories-400x300.jpg 400w, https:\/\/www.bythedots.com\/es\/wp-content\/uploads\/2025\/07\/Unisex-Accessories-800x600.jpg 800w, https:\/\/www.bythedots.com\/es\/wp-content\/uploads\/2025\/07\/Unisex-Accessories-120x90.jpg 120w, https:\/\/www.bythedots.com\/es\/wp-content\/uploads\/2025\/07\/Unisex-Accessories-90x68.jpg 90w\" sizes=\"auto, (max-width: 560px) 100vw, 560px\" \/>\n\t\t\t\t\t\t\t\t\t\t\t<div class=\"post-more\">\n\t\t\t\t\t\t\t<a href=\"https:\/\/www.bythedots.com\/es\/principales-tendencias-en-accesorios-unisex\/\" class=\"button-link\">\n\t\t\t\t\t\t\t\t<span>View Post<\/span>\n\t\t\t\t\t\t\t<\/a>\n\t\t\t\t\t\t<\/div>\n\t\t\t\t\t\t\n\t\t\t\t\t\n\t\t\t\t\t<a href=\"https:\/\/www.bythedots.com\/es\/principales-tendencias-en-accesorios-unisex\/\"><\/a>\n\t\t\t\t<\/div>\n\t\t\t<\/div>\n\t\t\n\t\t<div class=\"post-inner\">\n\n\t\t\t\n\t\t\t<header class=\"entry-header\">\n\t\t\t\t<div class=\"meta-category\"><ul class=\"post-categories\">\n\t<li><a href=\"https:\/\/www.bythedots.com\/es\/category\/news\/\" rel=\"category tag\">Noticias<\/a><\/li><\/ul><\/div>\n\t\t\t\t<h2 class=\"entry-title\"><a href=\"https:\/\/www.bythedots.com\/es\/principales-tendencias-en-accesorios-unisex\/\">Principales Tendencias en Accesorios Unisex: Estilo Sin L\u00edmites<\/a><\/h2>\n\n\t\t\t\t\t\t\t<\/header>\n\n\t\t\t\n\t\t\t\t\t\t\t\t\t\t<div class=\"post-excerpt\">\n\t\t\t\t\t\t\t\tLos a\u00f1os 2020 han tra\u00eddo consigo un cambio cultural profundo en la forma en que se entiende y se expresa el g\u00e9nero, transformando radicalmente el panorama de la moda. A la vanguardia de esta&hellip;\t\t\t\t\t\t\t<\/div>\n\t\t\t\t\t\t\t\n\t\t<\/div>\n\n\t\t\n\t<\/div>\n\n<\/article>\n\n<article class=\"post-grid post-389 post type-post status-publish format-standard has-post-thumbnail category-news\">\n\n\t<div class=\"post-outer\">\n\n\t\t\n\t\t\t\t\t<div class=\"post-inner\">\n\t\t\t\t<div class=\"post-thumbnail\">\n\t\t\t\t\t\n\t\t\t\t\t<img loading=\"lazy\" decoding=\"async\" width=\"560\" height=\"400\" src=\"https:\/\/www.bythedots.com\/es\/wp-content\/uploads\/2022\/03\/a01-560x400.jpg\" class=\"attachment-csco-560-landscape size-csco-560-landscape wp-post-image\" alt=\"\" \/>\n\t\t\t\t\t\t\t\t\t\t\t<div class=\"post-more\">\n\t\t\t\t\t\t\t<a href=\"https:\/\/www.bythedots.com\/es\/el-mejor-telefono-con-botones-grandes-para-personas-mayores-y-con-discapacidad-visual\/\" class=\"button-link\">\n\t\t\t\t\t\t\t\t<span>View Post<\/span>\n\t\t\t\t\t\t\t<\/a>\n\t\t\t\t\t\t<\/div>\n\t\t\t\t\t\t\n\t\t\t\t\t\n\t\t\t\t\t<a href=\"https:\/\/www.bythedots.com\/es\/el-mejor-telefono-con-botones-grandes-para-personas-mayores-y-con-discapacidad-visual\/\"><\/a>\n\t\t\t\t<\/div>\n\t\t\t<\/div>\n\t\t\n\t\t<div class=\"post-inner\">\n\n\t\t\t\n\t\t\t<header class=\"entry-header\">\n\t\t\t\t<div class=\"meta-category\"><ul class=\"post-categories\">\n\t<li><a href=\"https:\/\/www.bythedots.com\/es\/category\/news\/\" rel=\"category tag\">Noticias<\/a><\/li><\/ul><\/div>\n\t\t\t\t<h2 class=\"entry-title\"><a href=\"https:\/\/www.bythedots.com\/es\/el-mejor-telefono-con-botones-grandes-para-personas-mayores-y-con-discapacidad-visual\/\">El mejor tel\u00e9fono con botones grandes para personas mayores y con discapacidad visual<\/a><\/h2>\n\n\t\t\t\t\t\t\t<\/header>\n\n\t\t\t\n\t\t\t\t\t\t\t\t\t\t<div class=\"post-excerpt\">\n\t\t\t\t\t\t\t\tA medida que envejecemos, nuestros cuerpos no siempre funcionan tan bien como antes. Es m\u00e1s dif\u00edcil moverse y las tareas que sol\u00edan ser rutinarias son mucho m\u00e1s dif\u00edciles de hacer. Uno de los&hellip;\t\t\t\t\t\t\t<\/div>\n\t\t\t\t\t\t\t\n\t\t<\/div>\n\n\t\t\n\t<\/div>\n\n<\/article>\n<\/div><div class=\"archive-pagination\"><\/div>\t<\/div>\n\n<\/div>\n\t\t<\/div>\n<\/div>\n\r\n\r\n\n<div class=\"cnvs-block-section-sidebar cnvs-block-section-sidebar-1571120149832\" >\n\t<div class=\"cnvs-block-section-sidebar-inner\">\n\t\t\r\n\r\n\r\n<p style=\"padding: 3px;\"><a href=\"https:\/\/bythedots.com\/\"><img loading=\"lazy\" decoding=\"async\" class=\"aligncenter wp-image-656 size-full\" title=\"By The Dots: Your Home for Shopping tips, deals, news, fashion, and modern lifestyle is what you need.\" src=\"https:\/\/bythedots.com\/wp-content\/uploads\/2023\/11\/ZZZBYTHEDOTS-LOGO300x250.png\" alt=\"By The Dots: Your Home for Shopping tips, deals, news, fashion, and modern lifestyle is what you need.\" width=\"300\" height=\"250\" \/><\/a> <br \/><a href=\"https:\/\/www.awin1.com\/cread.php?s=3351383&amp;v=20982&amp;q=399233&amp;r=1520447\" target=\"_blank\" rel=\"noopener\"><img loading=\"lazy\" decoding=\"async\" class=\"aligncenter\" src=\"https:\/\/bythedots.com\/es\/wp-content\/uploads\/2024\/01\/PC-Componentes-ES-JAN-B-300x250-1.png\" alt=\"\" width=\"300\" height=\"250\" \/><\/a><\/p>\r\n\t<\/div>\n<\/div>\n\t\t\t<\/div>\n\t\t<\/div>\n\t<\/div>\n\n\t\r\n\r\n\r\n<p style=\"text-align: center;\">\u00a0<\/p>\r\n<p style=\"text-align: center;\">\t<\/div>\n<\/div>\n\t\t\t<\/div>\n\t\t<\/div>\n\t<\/div>","protected":false},"excerpt":{"rendered":"&nbsp; \u00a0","protected":false},"author":1,"featured_media":0,"parent":0,"menu_order":0,"comment_status":"closed","ping_status":"closed","template":"template-canvas-fullwidth.php","meta":{"footnotes":""},"class_list":["post-137","page","type-page","status-publish"],"_links":{"self":[{"href":"https:\/\/www.bythedots.com\/es\/wp-json\/wp\/v2\/pages\/137","targetHints":{"allow":["GET"]}}],"collection":[{"href":"https:\/\/www.bythedots.com\/es\/wp-json\/wp\/v2\/pages"}],"about":[{"href":"https:\/\/www.bythedots.com\/es\/wp-json\/wp\/v2\/types\/page"}],"author":[{"embeddable":true,"href":"https:\/\/www.bythedots.com\/es\/wp-json\/wp\/v2\/users\/1"}],"replies":[{"embeddable":true,"href":"https:\/\/www.bythedots.com\/es\/wp-json\/wp\/v2\/comments?post=137"}],"version-history":[{"count":16,"href":"https:\/\/www.bythedots.com\/es\/wp-json\/wp\/v2\/pages\/137\/revisions"}],"predecessor-version":[{"id":474,"href":"https:\/\/www.bythedots.com\/es\/wp-json\/wp\/v2\/pages\/137\/revisions\/474"}],"wp:attachment":[{"href":"https:\/\/www.bythedots.com\/es\/wp-json\/wp\/v2\/media?parent=137"}],"curies":[{"name":"wp","href":"https:\/\/api.w.org\/{rel}","templated":true}]}}