{"id":137,"date":"2022-02-12T10:27:48","date_gmt":"2022-02-12T10:27:48","guid":{"rendered":"https:\/\/bythedots.com\/fr\/home"},"modified":"2024-01-16T07:09:18","modified_gmt":"2024-01-16T07:09:18","slug":"home","status":"publish","type":"page","link":"https:\/\/www.bythedots.com\/fr\/","title":{"rendered":"Home"},"content":{"rendered":"\t<div class=\"cnvs-block-section cnvs-block-section-1571120080472 cnvs-block-section-layout-full cnvs-block-section-fullwidth\" >\n\t\t<div class=\"cnvs-block-section-outer\" style=\"\">\n\t\t\t<div class=\"cnvs-block-section-inner\">\n\t\t\t\t\r\n<p>&nbsp;<\/p>\r\n\n<div class=\"cnvs-block-section-content cnvs-block-section-content-1571120082557\" >\n\t<div class=\"cnvs-block-section-content-inner\">\n\t\t\r\n\r\n\t<div class=\"cnvs-block-section cnvs-block-section-1571318436466 cnvs-block-section-layout-with-sidebar cnvs-block-section-sidebar-sticky-top cnvs-block-section-sidebar-position-right\" >\n\t\t<div class=\"cnvs-block-section-outer\" style=\"\">\n\t\t\t<div class=\"cnvs-block-section-inner\">\n\t\t\t\t\r\n\r\n\n<div class=\"cnvs-block-section-content cnvs-block-section-content-1571120149786\" >\n\t<div class=\"cnvs-block-section-content-inner\">\n\t\t\r\n\r\n\n<h5 class=\"cnvs-block-section-heading cnvs-block-section-heading-1572265089722 is-style-cnvs-block-section-heading-default halignleft\" >\n\t<span class=\"cnvs-section-title\">\n\t\t<span><h3>CONSEILS SHOPPING ET TENDANCES<\/h3><\/span>\n\t<\/span>\n<\/h5>\n\r\n\r\n\n<div class=\"cs-block-archive-posts cnvs-block-featured-posts-1571120154893\" data-layout=\"grid\">\n\n\t<div class=\"post-archive\" data-archive-data=\"eyJ0eXBlIjoiYWpheF9yZXN0YXBpIiwibm9uY2UiOiJmOWE4ODYwYzkxIiwidXJsIjoiaHR0cHM6XC9cL3d3dy5ieXRoZWRvdHMuY29tXC9mclwvd3AtYWRtaW5cL2FkbWluLWFqYXgucGhwIiwicmVzdF91cmwiOiJodHRwczpcL1wvd3d3LmJ5dGhlZG90cy5jb21cL2ZyXC93cC1qc29uXC9jc2NvXC92MVwvbW9yZS1wb3N0cyIsInBvc3RzX3Blcl9wYWdlIjo0LCJxdWVyeV9kYXRhIjoie1wiaW5maW5pdGVfbG9hZFwiOmZhbHNlLFwicXVlcnlfdmFyc1wiOntcImlnbm9yZV9zdGlja3lfcG9zdHNcIjp0cnVlLFwiaXNfcG9zdF9xdWVyeVwiOnRydWUsXCJvcmRlcmJ5XCI6XCJyYW5kXCIsXCJvcmRlclwiOlwiREVTQ1wiLFwicGFnZWRcIjoxLFwicG9zdHNfcGVyX3BhZ2VcIjo0LFwicG9zdF90eXBlXCI6XCJwb3N0XCJ9LFwiaW5fdGhlX2xvb3BcIjpmYWxzZSxcImlzX3NpbmdsZVwiOmZhbHNlLFwiaXNfcGFnZVwiOmZhbHNlLFwiaXNfYXJjaGl2ZVwiOmZhbHNlLFwiaXNfYXV0aG9yXCI6ZmFsc2UsXCJpc19jYXRlZ29yeVwiOmZhbHNlLFwiaXNfdGFnXCI6ZmFsc2UsXCJpc190YXhcIjpmYWxzZSxcImlzX2hvbWVcIjpmYWxzZSxcImlzX3Npbmd1bGFyXCI6ZmFsc2V9IiwiYXR0cmlidXRlcyI6IntcImNhbnZhc0NsYXNzTmFtZVwiOlwiY252cy1ibG9jay1mZWF0dXJlZC1wb3N0cy0xNTcxMTIwMTU0ODkzXCIsXCJjYW52YXNMb2NhdGlvblwiOlwic2VjdGlvbi1jb250ZW50XCIsXCJsYXlvdXRcIjpcImdyaWRcIixcInF1ZXJ5XCI6e1wicG9zdHNfdHlwZVwiOlwicG9zdFwiLFwiY2F0ZWdvcmllc1wiOlwiXCIsXCJ0YWdzXCI6XCJcIixcImV4Y2x1ZGVfY2F0ZWdvcmllc1wiOlwiXCIsXCJleGNsdWRlX3RhZ3NcIjpcIlwiLFwiZm9ybWF0c1wiOlwiXCIsXCJwb3N0c1wiOlwiXCIsXCJvZmZzZXRcIjpcIlwiLFwib3JkZXJieVwiOlwicmFuZFwiLFwib3JkZXJcIjpcIkRFU0NcIixcInRpbWVfZnJhbWVcIjpcIlwiLFwidGF4b25vbXlcIjpcIlwiLFwidGVybXNcIjpcIlwifSxcImxheW91dF9ncmlkX2FyY2hpdmVTaG93TWV0YUF1dGhvclwiOmZhbHNlLFwibGF5b3V0X2dyaWRfYXJjaGl2ZVNob3dNZXRhRGF0ZVwiOmZhbHNlLFwibGF5b3V0X2dyaWRfYXJjaGl2ZVNob3dWaWV3UG9zdEJ1dHRvblwiOmZhbHNlLFwibGF5b3V0X2dyaWRfcG9zdHNIaWdobGlnaHRcIjpcIm5vbmVcIixcImxheW91dF9ncmlkX3BhZ2luYXRpb25UeXBlQWx0XCI6XCJhamF4XCIsXCJsYXlvdXRfZ3JpZF9hcmNoaXZlUG9zdHNDb3VudFwiOjQsXCJsYXlvdXRfZ3JpZF90aHVtYm5haWxPcmllbnRhdGlvblwiOlwibGFuZHNjYXBlXCIsXCJjYW52YXNCbG9ja05hbWVcIjpcImNhbnZhc1xcXC9wb3N0c1wiLFwicXVlcnlHcm91cFwiOlwiXCIsXCJhdm9pZER1cGxpY2F0ZVBvc3RzXCI6ZmFsc2UsXCJsYXlvdXRfZ3JpZF9hcmNoaXZlU2hvd01ldGFDYXRlZ29yeVwiOnRydWUsXCJsYXlvdXRfZ3JpZF9hcmNoaXZlU2hvd01ldGFDb21tZW50c1wiOmZhbHNlLFwibGF5b3V0X2dyaWRfYXJjaGl2ZU1ldGFDb21wYWN0XCI6ZmFsc2UsXCJsYXlvdXRfZ3JpZF9hcmNoaXZlU2hvd0V4Y2VycHRcIjp0cnVlLFwibGF5b3V0X2dyaWRfYXJjaGl2ZU1ldGFFeGNlcnB0TGVuZ3RoXCI6MjAwLFwibGF5b3V0X2dyaWRfYXJjaGl2ZVNob3dWaWV3UG9zdExpbmtcIjp0cnVlLFwibGF5b3V0X2dyaWRfYXJjaGl2ZVZpZXdMYWJlbFwiOlwiXCIsXCJsYXlvdXRfZ3JpZF9jb2x1bW5zXCI6MixcImxheW91dF9ncmlkX2ZpcnN0UG9zdFwiOmZhbHNlLFwibGF5b3V0X2dyaWRfcmVkdWNlTWFyZ2luXCI6ZmFsc2UsXCJsYXlvdXRfZ3JpZF92aWRlb1wiOmZhbHNlLFwibGF5b3V0X2dyaWRfd2lkZ2V0c1wiOmZhbHNlLFwibGF5b3V0X2dyaWRfdHlwb2dyYXBoeUhlYWRpbmdcIjpcIjEuNXJlbVwiLFwiY2xhc3NOYW1lXCI6XCJjbnZzLWJsb2NrLXBvc3RzIGNudnMtYmxvY2stZmVhdHVyZWQtcG9zdHMtMTU3MTEyMDE1NDg5MyBjbnZzLWJsb2NrLXBvc3RzLWxheW91dC1ncmlkXCIsXCJwYWdlX2xheW91dFwiOlwibGF5b3V0LXNpZGViYXItcmlnaHRcIixcImlzX3dpZGVcIjpmYWxzZX0iLCJvcHRpb25zIjoie1wiYXJjaGl2ZVNob3dNZXRhQXV0aG9yXCI6ZmFsc2UsXCJhcmNoaXZlU2hvd01ldGFEYXRlXCI6ZmFsc2UsXCJhcmNoaXZlU2hvd1ZpZXdQb3N0QnV0dG9uXCI6ZmFsc2UsXCJwb3N0c0hpZ2hsaWdodFwiOlwibm9uZVwiLFwicGFnaW5hdGlvblR5cGVBbHRcIjpcImFqYXhcIixcImFyY2hpdmVQb3N0c0NvdW50XCI6NCxcInRodW1ibmFpbE9yaWVudGF0aW9uXCI6XCJsYW5kc2NhcGVcIixcImFyY2hpdmVTaG93TWV0YUNhdGVnb3J5XCI6dHJ1ZSxcImFyY2hpdmVTaG93TWV0YUNvbW1lbnRzXCI6ZmFsc2UsXCJhcmNoaXZlTWV0YUNvbXBhY3RcIjpmYWxzZSxcImFyY2hpdmVTaG93RXhjZXJwdFwiOnRydWUsXCJhcmNoaXZlTWV0YUV4Y2VycHRMZW5ndGhcIjoyMDAsXCJhcmNoaXZlU2hvd1ZpZXdQb3N0TGlua1wiOnRydWUsXCJhcmNoaXZlVmlld0xhYmVsXCI6XCJcIixcImNvbHVtbnNcIjoyLFwiZmlyc3RQb3N0XCI6ZmFsc2UsXCJyZWR1Y2VNYXJnaW5cIjpmYWxzZSxcInZpZGVvXCI6ZmFsc2UsXCJ3aWRnZXRzXCI6ZmFsc2UsXCJ0eXBvZ3JhcGh5SGVhZGluZ1wiOlwiMS41cmVtXCJ9IiwiaW5maW5pdGVfbG9hZCI6ImZhbHNlIiwidHJhbnNsYXRpb24iOnsibG9hZF9tb3JlIjoiTG9hZCBNb3JlIiwibG9hZGluZyI6IkxvYWRpbmcifX0=\">\n\t\t<div class=\"archive-main archive-grid columns-2\">\n<article class=\"post-grid post-557 post type-post status-publish format-standard has-post-thumbnail category-news tag-floraqueen\">\n\n\t<div class=\"post-outer\">\n\n\t\t\n\t\t\t\t\t<div class=\"post-inner\">\n\t\t\t\t<div class=\"post-thumbnail\">\n\t\t\t\t\t\n\t\t\t\t\t<img loading=\"lazy\" decoding=\"async\" width=\"560\" height=\"420\" src=\"https:\/\/www.bythedots.com\/fr\/wp-content\/uploads\/2024\/07\/Best-Home-Decor-Gifts-560x420.png\" class=\"attachment-csco-560-landscape size-csco-560-landscape wp-post-image\" alt=\"\" srcset=\"https:\/\/www.bythedots.com\/fr\/wp-content\/uploads\/2024\/07\/Best-Home-Decor-Gifts-560x420.png 560w, https:\/\/www.bythedots.com\/fr\/wp-content\/uploads\/2024\/07\/Best-Home-Decor-Gifts-320x240.png 320w, https:\/\/www.bythedots.com\/fr\/wp-content\/uploads\/2024\/07\/Best-Home-Decor-Gifts-300x225.png 300w, https:\/\/www.bythedots.com\/fr\/wp-content\/uploads\/2024\/07\/Best-Home-Decor-Gifts-400x300.png 400w, https:\/\/www.bythedots.com\/fr\/wp-content\/uploads\/2024\/07\/Best-Home-Decor-Gifts-800x600.png 800w, https:\/\/www.bythedots.com\/fr\/wp-content\/uploads\/2024\/07\/Best-Home-Decor-Gifts-120x90.png 120w, https:\/\/www.bythedots.com\/fr\/wp-content\/uploads\/2024\/07\/Best-Home-Decor-Gifts-90x68.png 90w\" sizes=\"auto, (max-width: 560px) 100vw, 560px\" \/>\n\t\t\t\t\t\t\t\t\t\t\t<div class=\"post-more\">\n\t\t\t\t\t\t\t<a href=\"https:\/\/www.bythedots.com\/fr\/meilleurs-cadeaux-de-decoration-interieure\/\" class=\"button-link\">\n\t\t\t\t\t\t\t\t<span>View Post<\/span>\n\t\t\t\t\t\t\t<\/a>\n\t\t\t\t\t\t<\/div>\n\t\t\t\t\t\t\n\t\t\t\t\t\n\t\t\t\t\t<a href=\"https:\/\/www.bythedots.com\/fr\/meilleurs-cadeaux-de-decoration-interieure\/\"><\/a>\n\t\t\t\t<\/div>\n\t\t\t<\/div>\n\t\t\n\t\t<div class=\"post-inner\">\n\n\t\t\t\n\t\t\t<header class=\"entry-header\">\n\t\t\t\t<div class=\"meta-category\"><ul class=\"post-categories\">\n\t<li><a href=\"https:\/\/www.bythedots.com\/fr\/category\/news\/\" rel=\"category tag\">Nouvelles<\/a><\/li><\/ul><\/div>\n\t\t\t\t<h2 class=\"entry-title\"><a href=\"https:\/\/www.bythedots.com\/fr\/meilleurs-cadeaux-de-decoration-interieure\/\">\u00c9levez leur espace avec ces cadeaux de d\u00e9coration int\u00e9rieure<\/a><\/h2>\n\n\t\t\t\t\t\t\t<\/header>\n\n\t\t\t\n\t\t\t\t\t\t\t\t\t\t<div class=\"post-excerpt\">\n\t\t\t\t\t\t\t\tImaginez ceci\u00a0: un salon confortable baign\u00e9 de lumi\u00e8re chaude, une table basse \u00e9l\u00e9gante orn\u00e9e d&#8217;accents \u00e9l\u00e9gants et un cadeau bien pens\u00e9 qui transforme instantan\u00e9ment l&#8217;espace.&hellip;\t\t\t\t\t\t\t<\/div>\n\t\t\t\t\t\t\t\n\t\t<\/div>\n\n\t\t\n\t<\/div>\n\n<\/article>\n\n<article class=\"post-grid post-539 post type-post status-publish format-standard has-post-thumbnail category-news tag-golden-goose\">\n\n\t<div class=\"post-outer\">\n\n\t\t\n\t\t\t\t\t<div class=\"post-inner\">\n\t\t\t\t<div class=\"post-thumbnail\">\n\t\t\t\t\t\n\t\t\t\t\t<img loading=\"lazy\" decoding=\"async\" width=\"560\" height=\"420\" src=\"https:\/\/www.bythedots.com\/fr\/wp-content\/uploads\/2024\/06\/Mens-Workout-Apparel-560x420.png\" class=\"attachment-csco-560-landscape size-csco-560-landscape wp-post-image\" alt=\"\" srcset=\"https:\/\/www.bythedots.com\/fr\/wp-content\/uploads\/2024\/06\/Mens-Workout-Apparel-560x420.png 560w, https:\/\/www.bythedots.com\/fr\/wp-content\/uploads\/2024\/06\/Mens-Workout-Apparel-320x240.png 320w, https:\/\/www.bythedots.com\/fr\/wp-content\/uploads\/2024\/06\/Mens-Workout-Apparel-300x225.png 300w, https:\/\/www.bythedots.com\/fr\/wp-content\/uploads\/2024\/06\/Mens-Workout-Apparel-400x300.png 400w, https:\/\/www.bythedots.com\/fr\/wp-content\/uploads\/2024\/06\/Mens-Workout-Apparel-800x600.png 800w, https:\/\/www.bythedots.com\/fr\/wp-content\/uploads\/2024\/06\/Mens-Workout-Apparel-120x90.png 120w, https:\/\/www.bythedots.com\/fr\/wp-content\/uploads\/2024\/06\/Mens-Workout-Apparel-90x68.png 90w\" sizes=\"auto, (max-width: 560px) 100vw, 560px\" \/>\n\t\t\t\t\t\t\t\t\t\t\t<div class=\"post-more\">\n\t\t\t\t\t\t\t<a href=\"https:\/\/www.bythedots.com\/fr\/un-guide-complet-des-vetements-dentrainement-pour-hommes\/\" class=\"button-link\">\n\t\t\t\t\t\t\t\t<span>View Post<\/span>\n\t\t\t\t\t\t\t<\/a>\n\t\t\t\t\t\t<\/div>\n\t\t\t\t\t\t\n\t\t\t\t\t\n\t\t\t\t\t<a href=\"https:\/\/www.bythedots.com\/fr\/un-guide-complet-des-vetements-dentrainement-pour-hommes\/\"><\/a>\n\t\t\t\t<\/div>\n\t\t\t<\/div>\n\t\t\n\t\t<div class=\"post-inner\">\n\n\t\t\t\n\t\t\t<header class=\"entry-header\">\n\t\t\t\t<div class=\"meta-category\"><ul class=\"post-categories\">\n\t<li><a href=\"https:\/\/www.bythedots.com\/fr\/category\/news\/\" rel=\"category tag\">Nouvelles<\/a><\/li><\/ul><\/div>\n\t\t\t\t<h2 class=\"entry-title\"><a href=\"https:\/\/www.bythedots.com\/fr\/un-guide-complet-des-vetements-dentrainement-pour-hommes\/\">Un guide complet des v\u00eatements d&#8217;entra\u00eenement pour hommes<\/a><\/h2>\n\n\t\t\t\t\t\t\t<\/header>\n\n\t\t\t\n\t\t\t\t\t\t\t\t\t\t<div class=\"post-excerpt\">\n\t\t\t\t\t\t\t\t\u00cates-vous pr\u00eat \u00e0 faire passer vos entra\u00eenements au niveau sup\u00e9rieur\u00a0? Un aspect souvent n\u00e9glig\u00e9 pour maximiser vos performances est de choisir les bons v\u00eatements d\u2019entra\u00eenement. Que vous&hellip;\t\t\t\t\t\t\t<\/div>\n\t\t\t\t\t\t\t\n\t\t<\/div>\n\n\t\t\n\t<\/div>\n\n<\/article>\n\n<article class=\"post-grid post-604 post type-post status-publish format-standard has-post-thumbnail category-news tag-cbd\">\n\n\t<div class=\"post-outer\">\n\n\t\t\n\t\t\t\t\t<div class=\"post-inner\">\n\t\t\t\t<div class=\"post-thumbnail\">\n\t\t\t\t\t\n\t\t\t\t\t<img loading=\"lazy\" decoding=\"async\" width=\"560\" height=\"420\" src=\"https:\/\/www.bythedots.com\/fr\/wp-content\/uploads\/2025\/01\/Investing-in-Your-Appearance-560x420.png\" class=\"attachment-csco-560-landscape size-csco-560-landscape wp-post-image\" alt=\"\" srcset=\"https:\/\/www.bythedots.com\/fr\/wp-content\/uploads\/2025\/01\/Investing-in-Your-Appearance-560x420.png 560w, https:\/\/www.bythedots.com\/fr\/wp-content\/uploads\/2025\/01\/Investing-in-Your-Appearance-320x240.png 320w, https:\/\/www.bythedots.com\/fr\/wp-content\/uploads\/2025\/01\/Investing-in-Your-Appearance-300x225.png 300w, https:\/\/www.bythedots.com\/fr\/wp-content\/uploads\/2025\/01\/Investing-in-Your-Appearance-400x300.png 400w, https:\/\/www.bythedots.com\/fr\/wp-content\/uploads\/2025\/01\/Investing-in-Your-Appearance-800x600.png 800w, https:\/\/www.bythedots.com\/fr\/wp-content\/uploads\/2025\/01\/Investing-in-Your-Appearance-120x90.png 120w, https:\/\/www.bythedots.com\/fr\/wp-content\/uploads\/2025\/01\/Investing-in-Your-Appearance-90x68.png 90w\" sizes=\"auto, (max-width: 560px) 100vw, 560px\" \/>\n\t\t\t\t\t\t\t\t\t\t\t<div class=\"post-more\">\n\t\t\t\t\t\t\t<a href=\"https:\/\/www.bythedots.com\/fr\/pourquoi-investir-dans-votre-apparence-est-votre-meilleur-investissement-a-ce-jour\/\" class=\"button-link\">\n\t\t\t\t\t\t\t\t<span>View Post<\/span>\n\t\t\t\t\t\t\t<\/a>\n\t\t\t\t\t\t<\/div>\n\t\t\t\t\t\t\n\t\t\t\t\t\n\t\t\t\t\t<a href=\"https:\/\/www.bythedots.com\/fr\/pourquoi-investir-dans-votre-apparence-est-votre-meilleur-investissement-a-ce-jour\/\"><\/a>\n\t\t\t\t<\/div>\n\t\t\t<\/div>\n\t\t\n\t\t<div class=\"post-inner\">\n\n\t\t\t\n\t\t\t<header class=\"entry-header\">\n\t\t\t\t<div class=\"meta-category\"><ul class=\"post-categories\">\n\t<li><a href=\"https:\/\/www.bythedots.com\/fr\/category\/news\/\" rel=\"category tag\">Nouvelles<\/a><\/li><\/ul><\/div>\n\t\t\t\t<h2 class=\"entry-title\"><a href=\"https:\/\/www.bythedots.com\/fr\/pourquoi-investir-dans-votre-apparence-est-votre-meilleur-investissement-a-ce-jour\/\">Pourquoi investir dans votre apparence est votre meilleur investissement \u00e0 ce jour<\/a><\/h2>\n\n\t\t\t\t\t\t\t<\/header>\n\n\t\t\t\n\t\t\t\t\t\t\t\t\t\t<div class=\"post-excerpt\">\n\t\t\t\t\t\t\t\tLa premi\u00e8re impression est puissante, se formant en quelques secondes et fa\u00e7onnant la perception que les autres ont de vous. Que ce soit lors d&#8217;un entretien d&#8217;embauche, d&#8217;un&hellip;\t\t\t\t\t\t\t<\/div>\n\t\t\t\t\t\t\t\n\t\t<\/div>\n\n\t\t\n\t<\/div>\n\n<\/article>\n\n<article class=\"post-grid post-404 post type-post status-publish format-standard has-post-thumbnail category-news tag-cecilmode tag-horizons-lointains\">\n\n\t<div class=\"post-outer\">\n\n\t\t\n\t\t\t\t\t<div class=\"post-inner\">\n\t\t\t\t<div class=\"post-thumbnail\">\n\t\t\t\t\t\n\t\t\t\t\t<img loading=\"lazy\" decoding=\"async\" width=\"560\" height=\"400\" src=\"https:\/\/www.bythedots.com\/fr\/wp-content\/uploads\/2022\/03\/a04-560x400.jpg\" class=\"attachment-csco-560-landscape size-csco-560-landscape wp-post-image\" alt=\"\" \/>\n\t\t\t\t\t\t\t\t\t\t\t<div class=\"post-more\">\n\t\t\t\t\t\t\t<a href=\"https:\/\/www.bythedots.com\/fr\/montres-et-mode\/\" class=\"button-link\">\n\t\t\t\t\t\t\t\t<span>View Post<\/span>\n\t\t\t\t\t\t\t<\/a>\n\t\t\t\t\t\t<\/div>\n\t\t\t\t\t\t\n\t\t\t\t\t\n\t\t\t\t\t<a href=\"https:\/\/www.bythedots.com\/fr\/montres-et-mode\/\"><\/a>\n\t\t\t\t<\/div>\n\t\t\t<\/div>\n\t\t\n\t\t<div class=\"post-inner\">\n\n\t\t\t\n\t\t\t<header class=\"entry-header\">\n\t\t\t\t<div class=\"meta-category\"><ul class=\"post-categories\">\n\t<li><a href=\"https:\/\/www.bythedots.com\/fr\/category\/news\/\" rel=\"category tag\">Nouvelles<\/a><\/li><\/ul><\/div>\n\t\t\t\t<h2 class=\"entry-title\"><a href=\"https:\/\/www.bythedots.com\/fr\/montres-et-mode\/\">Montres et Mode<\/a><\/h2>\n\n\t\t\t\t\t\t\t<\/header>\n\n\t\t\t\n\t\t\t\t\t\t\t\t\t\t<div class=\"post-excerpt\">\n\t\t\t\t\t\t\t\t&nbsp; Les montres sont des garde-temps portables, utilis\u00e9s pour mesurer le temps et les intervalles. Historiquement, les montres \u00e9taient port\u00e9es comme pendentifs d\u00e9coratifs ou port\u00e9es dans la&hellip;\t\t\t\t\t\t\t<\/div>\n\t\t\t\t\t\t\t\n\t\t<\/div>\n\n\t\t\n\t<\/div>\n\n<\/article>\n<\/div><div class=\"archive-pagination\"><\/div>\t<\/div>\n\n<\/div>\n\t\t<\/div>\n<\/div>\n\r\n\r\n\n<div class=\"cnvs-block-section-sidebar cnvs-block-section-sidebar-1571120149832\" >\n\t<div class=\"cnvs-block-section-sidebar-inner\">\n\t\t\r\n\r\n\r\n<p style=\"text-align: center;\"><a href=\"https:\/\/www.awin1.com\/cread.php?s=3390095&amp;v=28531&amp;q=462496&amp;r=1520447\" target=\"_blank\" rel=\"noopener\"><img loading=\"lazy\" decoding=\"async\" src=\"https:\/\/bythedots.com\/fr\/wp-content\/uploads\/2024\/01\/HONOR-FR-JAN-C-BANNER-300x250-1.png\" alt=\"\" width=\"300\" height=\"250\" \/><\/a><\/p>\r\n<p style=\"text-align: center;\"><a href=\"https:\/\/bythedots.com\/\"><img loading=\"lazy\" decoding=\"async\" class=\"aligncenter wp-image-656 size-full\" title=\"By The Dots: Your Home for Shopping tips, deals, news, fashion, and modern lifestyle is what you need.\" src=\"https:\/\/bythedots.com\/wp-content\/uploads\/2023\/11\/ZZZBYTHEDOTS-LOGO300x250.png\" alt=\"By The Dots: Your Home for Shopping tips, deals, news, fashion, and modern lifestyle is what you need.\" width=\"300\" height=\"250\" \/><\/a><\/p>\r\n\t<\/div>\n<\/div>\n\t\t\t<\/div>\n\t\t<\/div>\n\t<\/div>\n\n\t\r\n\r\n\r\n<p style=\"text-align: center;\"><\/p>\r\n<p style=\"text-align: center;\">\t<\/div>\n<\/div>\n\t\t\t<\/div>\n\t\t<\/div>\n\t<\/div>","protected":false},"excerpt":{"rendered":"&nbsp;","protected":false},"author":1,"featured_media":0,"parent":0,"menu_order":0,"comment_status":"closed","ping_status":"closed","template":"template-canvas-fullwidth.php","meta":{"footnotes":""},"class_list":["post-137","page","type-page","status-publish"],"_links":{"self":[{"href":"https:\/\/www.bythedots.com\/fr\/wp-json\/wp\/v2\/pages\/137","targetHints":{"allow":["GET"]}}],"collection":[{"href":"https:\/\/www.bythedots.com\/fr\/wp-json\/wp\/v2\/pages"}],"about":[{"href":"https:\/\/www.bythedots.com\/fr\/wp-json\/wp\/v2\/types\/page"}],"author":[{"embeddable":true,"href":"https:\/\/www.bythedots.com\/fr\/wp-json\/wp\/v2\/users\/1"}],"replies":[{"embeddable":true,"href":"https:\/\/www.bythedots.com\/fr\/wp-json\/wp\/v2\/comments?post=137"}],"version-history":[{"count":12,"href":"https:\/\/www.bythedots.com\/fr\/wp-json\/wp\/v2\/pages\/137\/revisions"}],"predecessor-version":[{"id":496,"href":"https:\/\/www.bythedots.com\/fr\/wp-json\/wp\/v2\/pages\/137\/revisions\/496"}],"wp:attachment":[{"href":"https:\/\/www.bythedots.com\/fr\/wp-json\/wp\/v2\/media?parent=137"}],"curies":[{"name":"wp","href":"https:\/\/api.w.org\/{rel}","templated":true}]}}